{"id":766,"date":"2016-07-21T13:58:52","date_gmt":"2016-07-21T13:58:52","guid":{"rendered":"http:\/\/www.aviotel.it\/nei-dintorni\/"},"modified":"2020-08-13T10:19:01","modified_gmt":"2020-08-13T08:19:01","slug":"in-den-umgebungen","status":"publish","type":"page","link":"https:\/\/www.aviotel.it\/de\/in-den-umgebungen\/","title":{"rendered":"In den Umgebungen"},"content":{"rendered":"<div class=\"wpb-content-wrapper\"><p>[vc_row][vc_column]<div class=\"section \"  ><div class=\"widget-about-promo\" data-background=\"https:\/\/www.aviotel.it\/wp-content\/uploads\/2020\/08\/nei-dintorni.jpg\"><div class=\"wrapper-inner\"><div class=\"widget-inner\"><div class=\"row\"><div class=\"col-md-6\"><div class=\"text-content\"><strong>Marina di Campo<\/strong> ist perfekt f\u00fcr Familien, denn der Strand, der als der l\u00e4ngste auf Insel ist, hat eine L\u00e4nge von sogar 1300 m, die Tiefe des Meeresb\u00f6den erm\u00f6glicht, f\u00fcr fast 50 Meter mit dem Wasser bei der Teile spazieren zu k\u00f6nnen, <strong>sicher f\u00fcr Kinder<\/strong>, f\u00fcr unsere Hunde und f\u00fcr diejenigen, die mit Schl\u00e4gern oder mit B\u00e4llen sich am\u00fcsieren m\u00f6chten.\nAm Meer gibt es viele freie Str\u00e4nde, Badeanlagen und Str\u00e4nde ausgestattet mit Bars und Restaurants am Meer, die auch zu Abend offen sind und wo Sie einen guten Aperitif beim Sonnenuntergang und ein leckeres Fischabendessen genie\u00dfen k\u00f6nnen.\nMarina di Campo ist auch eine optimale L\u00f6sung f\u00fcr Sportler, verf\u00fcgt \u00fcber Tauchzentren, Segelschulen, Windsurf-Verleih und -Schulen, Schlauch- und Tretboote, gef\u00fchrte Ausfl\u00fcge mit Kajak und vieles mehr.\nDas Dorf befindet sich an der K\u00fcste, unmittelbar hinter dem Strand entwickelt sich einen Spaziergang das Meer entlang, der zum Zentrum, der Fu\u00dfg\u00e4ngerzone und dem Hafen f\u00fchrt, die reich an Gesch\u00e4ften im Allgemeinen sind. Es bietet viele Restaurants und Nachtbars an, oft gibt es auch St\u00e4nde mit Wanderk\u00fcnstlern und guter Musik.\nF\u00fcr diejenigen, die zu tanzen und das Nachtleben lieben, gibt es zwei ber\u00fchmte Lokale auf der Insel: Tinello mit zwei Innens\u00e4len, Bar und Live-Musik und ein Au\u00dfen-Open-Space mit Tanzfl\u00e4che und American Bar; Giannino, historisches Lokal, das jeden Abend von 23 bis 5 morgens mit Live-Musik offen ist. In der unmittelbaren N\u00e4he gibt es auch eine Disko: Club 64.\nWenn Sie den Rest der Insel besuchen, befindet sich Marina di Campo an einer strategischen Lage, damit Sie weitere typische D\u00f6rfer erreichen k\u00f6nnen, u.a.: Marciana Marina, Capoliveri, Porto Azzurro, die auch sehensw\u00fcrdig sind, denn die Insel Elba zeichnet sich dadurch aus, dass sie so viele unterschiedliche D\u00f6rfer hat, das eine mit den eigenen Eigenschaften.\nDie Einrichtung befindet sich neben dem Flughafen, in der Mitte einer Ebene, die den n\u00f6rdlichen mit dem s\u00fcdlichen Hang der Insel verbindet. In wenigen Minuten mit dem Auto erreicht man einfach den ber\u00fchmtesten Str\u00e4nde im S\u00fcden der Insel: <strong>Marina di Campo<\/strong>, <strong>Cavoli<\/strong> und <strong>Fetovaia<\/strong> und im Norden: Die Buchten von Marciana, Procchio und La Biodola. Alle Str\u00e4nde sind zum Teil frei und zum Teil mit Badeanlagen ausgestattet.<\/div><\/div><\/div><\/div><\/div><\/div><\/div>[\/vc_column][\/vc_row]<\/p>\n<\/div>","protected":false},"excerpt":{"rendered":"<p>[vc_row][vc_column][\/vc_column][\/vc_row]<\/p>\n","protected":false},"author":1,"featured_media":1485,"parent":0,"menu_order":0,"comment_status":"closed","ping_status":"closed","template":"fullwidth-page.php","meta":{"footnotes":""},"class_list":["post-766","page","type-page","status-publish","has-post-thumbnail","hentry"],"_links":{"self":[{"href":"https:\/\/www.aviotel.it\/de\/wp-json\/wp\/v2\/pages\/766"}],"collection":[{"href":"https:\/\/www.aviotel.it\/de\/wp-json\/wp\/v2\/pages"}],"about":[{"href":"https:\/\/www.aviotel.it\/de\/wp-json\/wp\/v2\/types\/page"}],"author":[{"embeddable":true,"href":"https:\/\/www.aviotel.it\/de\/wp-json\/wp\/v2\/users\/1"}],"replies":[{"embeddable":true,"href":"https:\/\/www.aviotel.it\/de\/wp-json\/wp\/v2\/comments?post=766"}],"version-history":[{"count":3,"href":"https:\/\/www.aviotel.it\/de\/wp-json\/wp\/v2\/pages\/766\/revisions"}],"predecessor-version":[{"id":1322,"href":"https:\/\/www.aviotel.it\/de\/wp-json\/wp\/v2\/pages\/766\/revisions\/1322"}],"wp:featuredmedia":[{"embeddable":true,"href":"https:\/\/www.aviotel.it\/de\/wp-json\/wp\/v2\/media\/1485"}],"wp:attachment":[{"href":"https:\/\/www.aviotel.it\/de\/wp-json\/wp\/v2\/media?parent=766"}],"curies":[{"name":"wp","href":"https:\/\/api.w.org\/{rel}","templated":true}]}}