{"id":754,"date":"2018-12-23T10:23:49","date_gmt":"2018-12-23T09:23:49","guid":{"rendered":"http:\/\/www.aviotel.it\/faq\/"},"modified":"2025-03-11T08:07:36","modified_gmt":"2025-03-11T07:07:36","slug":"faq","status":"publish","type":"page","link":"https:\/\/www.aviotel.it\/de\/faq\/","title":{"rendered":"Faq"},"content":{"rendered":"<div class=\"wpb-content-wrapper\"><p>[vc_row css=&#8220;.vc_custom_1545558511119{padding-bottom: 0px !important;}&#8220;][vc_column]<!-- Section Services --><div class=\"section \" ><div class=\"wrapper-inner\"><!-- Services List --><div class=\"widget-services-list\"><div class=\"services-item\"><div class=\"item-photo\"><div class=\"photo-big\" data-background=\"https:\/\/www.aviotel.it\/wp-content\/uploads\/2018\/12\/slide-01.jpg\"><\/div><\/div><div class=\"item-desc\"><p><p>Die Wohnungen werden mit folgenden Modalit\u00e4ten gegeben und verlassen:<\/p>\n<p>\n<strong>FORMEL WOHNUNG<\/strong>: Die Abgabezeit der Wohnungen ist ab 16.00 Uhr und das Auschecken erfolgt bis 09.00 Uhr, nach dieser Uhrzeit wird ein Zusatzpreis gem\u00e4\u00df Preisliste beigef\u00fcgt.<\/p>\n<p>\n<strong>FORMEL RESIDENCE<\/strong>: Die Abgabezeit der Wohnungen ist ab 14.00 Uhr und das Auschecken erfolgt bis 10.00 Uhr, nach dieser Uhrzeit wird ein Zusatzpreis gem\u00e4\u00df Preisliste beigef\u00fcgt.<\/p>\n<p>\n<\/p><\/div><\/div> <\/div>\n            <!-- Services List End -->\n        <\/div>\n    <\/div>\n    <!-- Section Services End -->[\/vc_column][\/vc_row][vc_row grandium_select_container=&#8220;topandbottom&#8220;][vc_column][vc_column_text css=&#8220;&#8220;]<\/p>\n<ul>\n<li>Die Rechnung muss bezahlt werden, wenn die Rezeption offen ist. Diejenigen, die eine Rechnung brauchen, sollen das am Anfang des Aufenthalts beantragen. Schecks sind nicht angenommen.<\/li>\n<li>Bei Br\u00fcchen oder Besch\u00e4digungen von Gegenst\u00e4nden und zur Verf\u00fcgung gestellten Einrichtungen werden die entsprechenden Kosten aus der Kaution genommen. Erfolgt die \u00dcberpr\u00fcfung sp\u00e4ter und die Kaution wird durch Girokonto zur\u00fcckgegeben, nachdem die Unversehrtheit der Wohnung festgestellt wurde.<\/li>\n<li>Die Kosten der eventuellen Endreinigungen wird bei der Abfahrt nach der \u00dcberpr\u00fcfung durch die Rezeption-Mitarbeiter mitgeteilt.<\/li>\n<li>Die verbrauchte Klimaanlage und\/oder Heizung wird (mit der \u201eFormel Wohnung\u201c) am Ende des Aufenthalts bezahlt und dabei bezieht sich man auf die Anzahl von Stunden oder KW Anwendung gem\u00e4\u00df dem Z\u00e4hler in der Wohnung.<\/li>\n<li>F\u00fcr einen gem\u00fctlichen Aufenthalt wird es gebeten, keine Ger\u00e4usche zu machen Radio, Fernseher, usw. leise zu halten, vor allem von 14.00 bis 16.00 Uhr und von 23.00 bis 08.00 Uhr. Die DIREKTION beh\u00e4lt sich das Recht vor, alles zu tun, um die Ruhe in den genannten Stunden zu halten.<\/li>\n<li>Diejenigen, die Fahrr\u00e4der, Autos oder Moped mieten m\u00f6chten, sollen sich bei der Rezeption um die genannten Uhrzeiten melden.<\/li>\n<li>Um den Tennisplatz zu verwenden, muss man sich bei der Rezeption melden. Der Zugang zum Platz ist nur zugelassen, wenn man entsprechende Schuhe tr\u00e4gt.<\/li>\n<li>Der Grill ist inbegriffen. Er steht auf Anfrage bei der Rezeption zur Verf\u00fcgung. Am Ende der Anwendung ist das Wegbringen vom M\u00fcll sowie die Reinigung des entsprechenden Bereichs erforderlich. Bei nicht erfolgter Reinigung wird der Preis davon in die Rechnung des Zimmers gestellt.<\/li>\n<li>Es wird darauf hingewiesen, dass der Parkplatz von Aviotel ist nur f\u00fcr die G\u00e4ste gedacht und ist nicht \u00fcberwacht. Die G\u00e4ste sind eingeladen, keinen wertigen Gegenstand im Auto zu lassen.<\/li>\n<li>Der Pool ist ausschlie\u00dflich f\u00fcr G\u00e4ste der Residence und ihre eventuellen G\u00e4ste, nachdem sie sich bei der Rezeption gemeldet haben. Das Baden von minderj\u00e4hrigen G\u00e4sten ist unter der Verantwortung ihrer Begleiter m\u00f6glich. Im Pool gibt es keine \u00dcberwachung durch einen Bademeister. Die Verwaltung \u00fcbernimmt keine Verantwortung f\u00fcr eventuelle Sch\u00e4den an die G\u00e4ste. Nachtbaden ist verboten.<\/li>\n<li>Hygienestandards: Der Zugang von Haustieren beim Pool ist verboten.<\/li>\n<li>Die G\u00e4ste der Residence sind darum gebeten, bevor in den Pool zu springen, sich zu duschen und die F\u00fc\u00dfe in den entsprechenden Becken zu waschen.<\/li>\n<li>Es ist verboten, mit den Schuhen auf dem gefliesten Rand des Pools zu gehen und St\u00fchle, Liegen, Sonnenschirm, usw. darauf zu stellen.<\/li>\n<li>Es ist verboten, am Rand des Pools zu laufen: Durch das Wasser kann der Rand rutschig werden und zu konsequenten Sch\u00e4den f\u00fcr die G\u00e4ste f\u00fchren.<\/li>\n<li><a href=\"https:\/\/aviotel.beddy.io?lang=de\" target=\"_blank\" rel=\"noopener\">Buchung stornieren\/\u00e4ndern<\/a>.<\/li>\n<\/ul>\n<p>[\/vc_column_text][\/vc_column][\/vc_row][vc_row css=&#8220;.vc_custom_1545559782411{padding-top: 50px !important;padding-bottom: 80px !important;}&#8220;][vc_column]<section  class=\"row \"><div class=\"container\"><div class=\"row section-header wow fadeInUp\"><h2>Mappa<\/h2><\/div><\/div><\/section>[vc_single_image image=&#8220;755&#8243; img_size=&#8220;full&#8220; alignment=&#8220;center&#8220; style=&#8220;vc_box_outline&#8220; border_color=&#8220;chino&#8220;][\/vc_column][\/vc_row]<\/p>\n<\/div>","protected":false},"excerpt":{"rendered":"<p>[vc_row css=&#8220;.vc_custom_1545558511119{padding-bottom: 0px !important;}&#8220;][vc_column][\/vc_column][\/vc_row][vc_row grandium_select_container=&#8220;topandbottom&#8220;][vc_column][vc_column_text css=&#8220;&#8220;] Die Rechnung muss bezahlt werden, wenn die Rezeption offen ist. Diejenigen, die eine Rechnung brauchen, sollen das am Anfang des Aufenthalts&#8230;<\/p>\n","protected":false},"author":1,"featured_media":1462,"parent":0,"menu_order":0,"comment_status":"closed","ping_status":"closed","template":"fullwidth-page.php","meta":{"footnotes":""},"class_list":["post-754","page","type-page","status-publish","has-post-thumbnail","hentry"],"_links":{"self":[{"href":"https:\/\/www.aviotel.it\/de\/wp-json\/wp\/v2\/pages\/754"}],"collection":[{"href":"https:\/\/www.aviotel.it\/de\/wp-json\/wp\/v2\/pages"}],"about":[{"href":"https:\/\/www.aviotel.it\/de\/wp-json\/wp\/v2\/types\/page"}],"author":[{"embeddable":true,"href":"https:\/\/www.aviotel.it\/de\/wp-json\/wp\/v2\/users\/1"}],"replies":[{"embeddable":true,"href":"https:\/\/www.aviotel.it\/de\/wp-json\/wp\/v2\/comments?post=754"}],"version-history":[{"count":6,"href":"https:\/\/www.aviotel.it\/de\/wp-json\/wp\/v2\/pages\/754\/revisions"}],"predecessor-version":[{"id":1766,"href":"https:\/\/www.aviotel.it\/de\/wp-json\/wp\/v2\/pages\/754\/revisions\/1766"}],"wp:featuredmedia":[{"embeddable":true,"href":"https:\/\/www.aviotel.it\/de\/wp-json\/wp\/v2\/media\/1462"}],"wp:attachment":[{"href":"https:\/\/www.aviotel.it\/de\/wp-json\/wp\/v2\/media?parent=754"}],"curies":[{"name":"wp","href":"https:\/\/api.w.org\/{rel}","templated":true}]}}