{"id":737,"date":"2016-07-25T18:23:12","date_gmt":"2016-07-25T18:23:12","guid":{"rendered":"http:\/\/www.aviotel.it\/servizi\/"},"modified":"2019-06-03T10:18:49","modified_gmt":"2019-06-03T08:18:49","slug":"dienstleistungen","status":"publish","type":"page","link":"https:\/\/www.aviotel.it\/de\/dienstleistungen\/","title":{"rendered":"Dienstleistungen"},"content":{"rendered":"<div class=\"wpb-content-wrapper\"><p>[vc_row][vc_column]<!-- Section Services --><div class=\"section \" id=\"services\"><div class=\"wrapper-inner\"><!-- Services List --><div class=\"widget-services-list\"><div class=\"services-item\"><div class=\"item-photo\"><div class=\"photo-big\" data-background=\"https:\/\/www.aviotel.it\/wp-content\/uploads\/2019\/01\/scoglietto-paolina.jpg\"><\/div><div class=\"photo-small\" data-background=\"https:\/\/www.aviotel.it\/wp-content\/uploads\/2019\/01\/IMG_41041.jpg\"><\/div><\/div><div class=\"item-desc\"><h2>Transfer und Ausfl\u00fcge<\/h2><p><p>Um den Strand zu erreichen, kann man bei uns Fahrr\u00e4der, Mopeds, Autos zu g\u00fcnstigen Preisen mieten oder vom Shuttle-Dienst profitieren.<\/p>\n<p>Auf Anfrage ist der t\u00e4gliche Shuttle (Samstag ausgeschlossen) vom\/zum Strand und auf Anfrage vom\/zum Hafen. Alternativ gibt es in der N\u00e4he der \u00f6ffentliche Shuttle zum\/vom Strand, mit einer H\u00e4ufigkeit von 5 Fahrten am Tag au\u00dfer der Schulzeit.<\/p>\n<p>Nach \u00dcberpr\u00fcfung der t\u00e4glichen Verf\u00fcgbarkeit der Fl\u00fcge bei der Rezeption kann man auch eine touristische Besichtigung der Insel Elba mit einem Flugzeug buchen. Zur Verf\u00fcgung stehen auch breite Programme zu g\u00fcnstigen Preisen f\u00fcr gef\u00fchrten Ausfl\u00fcge zu Fu\u00df, mit dem Fahr- oder Motorrad, auf Stra\u00dfe und Gel\u00e4nde, zu Pferd, mit dem Boot oder ohne Tauchausfl\u00fcge, mit dem Kajak (auch mit \u00dcbernachtung im Freien), Programme zur Verkostung von Weinen, f\u00fcr die die Rezeption immer zur Verf\u00fcgung steht.<\/p><\/p><\/div><\/div><div class=\"services-item\"><div class=\"item-photo\"><div class=\"photo-big\" data-background=\"https:\/\/www.aviotel.it\/wp-content\/uploads\/2019\/01\/nei-dintorni.jpg\"><\/div><div class=\"photo-small\" data-background=\"https:\/\/www.aviotel.it\/wp-content\/uploads\/2018\/12\/aviotel-11.jpg\"><\/div><\/div><div class=\"item-desc\"><h2>Konventionen und Verleih<\/h2><p><p>Dank der neuen Vereinbarung zwischen Aviotel und der Badeanlage Tropical in Marina di Campo k\u00f6nnen unsere G\u00e4ste von Sonderrabatten profitieren und Liegen und Sonnenschirme am Morgen buchen oder bei unserer Rezeption beantragen.<\/p>\n<p>W\u00e4hrend des Aufenthalts und auf Anfrage durch die Rezeption k\u00f6nnen Fahrr\u00e4der, Autos und Motorr\u00e4der gemietet werden.<br \/>\nVerleih: <a href=\"http:\/\/www.elba4fun.it\/\">Elba4fun<\/a><\/p>\n<\/p><\/div><\/div><div class=\"services-item\"><div class=\"item-photo\"><div class=\"photo-big\" data-background=\"https:\/\/www.aviotel.it\/wp-content\/uploads\/2018\/12\/aviotel-8.jpg\"><\/div><\/div><div class=\"item-desc\"><h2>Pet Friendly<\/h2><p><p>Vergessen Sie nicht, dass Hunde in unserem Gastbetrieb willkommen sind.<\/p>\n<p>Zampa Vacanza erteilte Aviotel den Preis als eine der besten Einrichtung A DOG Pet-Friendly auf dem Portal! Machen Sie Urlaub bei Uns mit ihrem Hund, ihr Aufenthalt wird unvergesslich sein!<\/p>\n<p><strong>#ZampaVacanza<\/strong> <strong>@ZampaVacanza<\/strong><\/p><\/p><\/div><\/div><div class=\"services-item\"><div class=\"item-photo\"><div class=\"photo-big\" data-background=\"https:\/\/www.aviotel.it\/wp-content\/uploads\/2019\/01\/panchine.jpg\"><\/div><div class=\"photo-small\" data-background=\"https:\/\/www.aviotel.it\/wp-content\/uploads\/2019\/01\/barbecue-e1554240869254.jpg\"><\/div><\/div><div class=\"item-desc\"><h2>Dienstleistungen mit Buchung<\/h2><p><p>Die Rezeption ist verf\u00fcgbar, um zus\u00e4tzliche Dienstleistungen zu organisieren: Reinigungen w\u00e4hrend des Aufenthalts, zus\u00e4tzliche W\u00e4schewechsel, t\u00e4gliche Lieferung von Zeitungen oder Zeitschriften und Lieferungen frei Haus.<\/p>\n<p>Verf\u00fcgbar auf Anfrage ist auch ein DVD-Leser, dessen Preis auf die Rechnung gestellt wird.<\/p>\n<p>Beim Spielplatz, auf dem Tennisplatz steht f\u00fcr unsere G\u00e4ste auch ein Grill mit B\u00e4nken und Tischen zur Verf\u00fcgung, wo man Grillpartys organisiert werden k\u00f6nnen. Die Anwendung ist frei und kann bei der Rezeption gebucht werden.<\/p>\n<p>Um den Strand zu erreichen, kann man bei uns Fahrr\u00e4der, Mopeds, Autos mieten oder vom Shuttle-Dienst profitieren.<\/p>\n<p>Die Touristen haben zur kostenfreien Verf\u00fcgung eine Aufbewahrung der Fahrr\u00e4der und der Werkstatt und die Ausr\u00fcstung zum Waschen der Fahrr\u00e4der.<\/p>\n<p>F\u00fcr unsere G\u00e4ste steht ein Tennisplatz zur Verf\u00fcgung, der reserviert werden soll und kostenpflichtig ist. Es ist auch m\u00f6glich, Schl\u00e4ger und B\u00e4lle zu mieten.<\/p><\/p><\/div><\/div> <\/div>\n            <!-- Services List End -->\n        <\/div>\n    <\/div>\n    <!-- Section Services End -->[\/vc_column][\/vc_row]<\/p>\n<\/div>","protected":false},"excerpt":{"rendered":"<p>[vc_row][vc_column][\/vc_column][\/vc_row]<\/p>\n","protected":false},"author":1,"featured_media":739,"parent":0,"menu_order":0,"comment_status":"closed","ping_status":"closed","template":"fullwidth-page.php","meta":{"footnotes":""},"class_list":["post-737","page","type-page","status-publish","has-post-thumbnail","hentry"],"_links":{"self":[{"href":"https:\/\/www.aviotel.it\/de\/wp-json\/wp\/v2\/pages\/737"}],"collection":[{"href":"https:\/\/www.aviotel.it\/de\/wp-json\/wp\/v2\/pages"}],"about":[{"href":"https:\/\/www.aviotel.it\/de\/wp-json\/wp\/v2\/types\/page"}],"author":[{"embeddable":true,"href":"https:\/\/www.aviotel.it\/de\/wp-json\/wp\/v2\/users\/1"}],"replies":[{"embeddable":true,"href":"https:\/\/www.aviotel.it\/de\/wp-json\/wp\/v2\/comments?post=737"}],"version-history":[{"count":5,"href":"https:\/\/www.aviotel.it\/de\/wp-json\/wp\/v2\/pages\/737\/revisions"}],"predecessor-version":[{"id":921,"href":"https:\/\/www.aviotel.it\/de\/wp-json\/wp\/v2\/pages\/737\/revisions\/921"}],"wp:featuredmedia":[{"embeddable":true,"href":"https:\/\/www.aviotel.it\/de\/wp-json\/wp\/v2\/media\/739"}],"wp:attachment":[{"href":"https:\/\/www.aviotel.it\/de\/wp-json\/wp\/v2\/media?parent=737"}],"curies":[{"name":"wp","href":"https:\/\/api.w.org\/{rel}","templated":true}]}}