{"id":719,"date":"2016-07-21T12:23:43","date_gmt":"2016-07-21T12:23:43","guid":{"rendered":"http:\/\/www.aviotel.it\/appartamenti\/"},"modified":"2022-06-08T11:42:33","modified_gmt":"2022-06-08T09:42:33","slug":"wohnungen","status":"publish","type":"page","link":"https:\/\/www.aviotel.it\/de\/wohnungen\/","title":{"rendered":"Wohnungen in Aviotel"},"content":{"rendered":"<div class=\"wpb-content-wrapper\"><p>[vc_row full_width=&#8220;stretch_row_content&#8220;][vc_column]<div class=\"section  vc_custom_1654681350998\" id=\"about-section\" ><div class=\"widget-about-promo\" data-background=\"https:\/\/www.aviotel.it\/wp-content\/uploads\/2020\/08\/formula-hotel.jpg\"><div class=\"wrapper-inner\"><div class=\"widget-inner\"><div class=\"row\"><div class=\"col-md-6\"><h5>EIN- UND ZWEIZIMMERWOHNUNGEN<\/h5><div class=\"text-content\">Die <strong>AVIOTEL Residence<\/strong> besteht aus Apartments, alle im Erdgeschoss, Studios f\u00fcr 2-3 Personen, Zweizimmerwohnungen f\u00fcr 2-6 Personen, gut eingerichtet, mit voll ausgestatteter Kochecke, Bad mit Dusche, Telefon, TV, Klimaanlage-Heizung , privater Garten mit Liegest\u00fchlen, Sonnenschirm, Tisch und St\u00fchlen.\nAlles in einem Komplex, ausgestattet mit: Swimmingpool auf 3 Ebenen (einer davon ist f\u00fcr Kinder reserviert), drahtloses WLAN im gesamten Komplex, Fernsehraum, Lounge f\u00fcr Veranstaltungen und Tanzabende, Bar &#8211; Restaurant, Parkplatz, Fahrrad-, Auto- und Motorradverleih auf Anfrage, Spiele und gro\u00dfe Gr\u00fcnfl\u00e4chen f\u00fcr die Freizeitgestaltung, Tennis, Freizeitaktivit\u00e4ten f\u00fcr Erwachsene, Wassergymnastik- und Pilateskurse, Tanzfl\u00e4che, gemeinsamer Grill.<\/div><\/div><\/div><\/div><\/div><\/div><\/div>[\/vc_column][\/vc_row][vc_row][vc_column]<!-- Section Gallery --><div class=\"section \" ><div class=\"widget-gallery-carousel\"><div class=\"wrapper-full-inner\"><!-- Gallery Title --><div class=\"widget-title\"><h5><\/h5><h2><\/h2><p><\/p><\/div><!-- Gallery Title End --><!-- Gallery Carousel --><div class=\"widget-carousel owl-carousel owl-theme\"><div class=\"gallery-item\"><a href=\"https:\/\/www.aviotel.it\/wp-content\/uploads\/2019\/06\/IMG_8143.jpg\" data-background=\"https:\/\/www.aviotel.it\/wp-content\/uploads\/2019\/06\/IMG_8143-767x767.jpg\"  class=\"grandium-popup-gallery\"> <\/a><\/div><div class=\"gallery-item\"><a href=\"https:\/\/www.aviotel.it\/wp-content\/uploads\/2019\/06\/IMG_8157.jpg\" data-background=\"https:\/\/www.aviotel.it\/wp-content\/uploads\/2019\/06\/IMG_8157-767x767.jpg\"  class=\"grandium-popup-gallery\"> <\/a><\/div><div class=\"gallery-item\"><a href=\"https:\/\/www.aviotel.it\/wp-content\/uploads\/2019\/06\/IMG_8144.jpg\" data-background=\"https:\/\/www.aviotel.it\/wp-content\/uploads\/2019\/06\/IMG_8144-767x767.jpg\"  class=\"grandium-popup-gallery\"> <\/a><\/div><div class=\"gallery-item\"><a href=\"https:\/\/www.aviotel.it\/wp-content\/uploads\/2019\/06\/IMG_8137.jpg\" data-background=\"https:\/\/www.aviotel.it\/wp-content\/uploads\/2019\/06\/IMG_8137-767x767.jpg\"  class=\"grandium-popup-gallery\"> <\/a><\/div><div class=\"gallery-item\"><a href=\"https:\/\/www.aviotel.it\/wp-content\/uploads\/2019\/06\/IMG_8148.jpg\" data-background=\"https:\/\/www.aviotel.it\/wp-content\/uploads\/2019\/06\/IMG_8148-767x767.jpg\"  class=\"grandium-popup-gallery\"> <\/a><\/div><div class=\"gallery-item\"><a href=\"https:\/\/www.aviotel.it\/wp-content\/uploads\/2020\/09\/DPP_0002.jpg\" data-background=\"https:\/\/www.aviotel.it\/wp-content\/uploads\/2020\/09\/DPP_0002-767x767.jpg\"  class=\"grandium-popup-gallery\"> <\/a><\/div><div class=\"gallery-item\"><a href=\"https:\/\/www.aviotel.it\/wp-content\/uploads\/2020\/08\/formula-appartamento.jpg\" data-background=\"https:\/\/www.aviotel.it\/wp-content\/uploads\/2020\/08\/formula-appartamento-767x767.jpg\"  class=\"grandium-popup-gallery\"> <\/a><\/div><div class=\"gallery-item\"><a href=\"https:\/\/www.aviotel.it\/wp-content\/uploads\/2020\/09\/DSC_1295.jpg\" data-background=\"https:\/\/www.aviotel.it\/wp-content\/uploads\/2020\/09\/DSC_1295-767x767.jpg\"  class=\"grandium-popup-gallery\"> <\/a><\/div><div class=\"gallery-item\"><a href=\"https:\/\/www.aviotel.it\/wp-content\/uploads\/2020\/08\/formula-residence.jpg\" data-background=\"https:\/\/www.aviotel.it\/wp-content\/uploads\/2020\/08\/formula-residence-767x767.jpg\"  class=\"grandium-popup-gallery\"> <\/a><\/div><div class=\"gallery-item\"><a href=\"https:\/\/www.aviotel.it\/wp-content\/uploads\/2020\/09\/DPP_0021.jpg\" data-background=\"https:\/\/www.aviotel.it\/wp-content\/uploads\/2020\/09\/DPP_0021-767x767.jpg\"  class=\"grandium-popup-gallery\"> <\/a><\/div><div class=\"gallery-item\"><a href=\"https:\/\/www.aviotel.it\/wp-content\/uploads\/2020\/09\/IMG_7342.jpg\" data-background=\"https:\/\/www.aviotel.it\/wp-content\/uploads\/2020\/09\/IMG_7342-767x767.jpg\"  class=\"grandium-popup-gallery\"> <\/a><\/div><div class=\"gallery-item\"><a href=\"https:\/\/www.aviotel.it\/wp-content\/uploads\/2020\/09\/IMG_7419.jpg\" data-background=\"https:\/\/www.aviotel.it\/wp-content\/uploads\/2020\/09\/IMG_7419-767x767.jpg\"  class=\"grandium-popup-gallery\"> <\/a><\/div><div class=\"gallery-item\"><a href=\"https:\/\/www.aviotel.it\/wp-content\/uploads\/2020\/09\/IMG_7362.jpg\" data-background=\"https:\/\/www.aviotel.it\/wp-content\/uploads\/2020\/09\/IMG_7362-767x767.jpg\"  class=\"grandium-popup-gallery\"> <\/a><\/div><div class=\"gallery-item\"><a href=\"https:\/\/www.aviotel.it\/wp-content\/uploads\/2020\/09\/IMG_7369.jpg\" data-background=\"https:\/\/www.aviotel.it\/wp-content\/uploads\/2020\/09\/IMG_7369-767x767.jpg\"  class=\"grandium-popup-gallery\"> <\/a><\/div><div class=\"gallery-item\"><a href=\"https:\/\/www.aviotel.it\/wp-content\/uploads\/2020\/08\/foto-piscina-1.jpg\" data-background=\"https:\/\/www.aviotel.it\/wp-content\/uploads\/2020\/08\/foto-piscina-1-767x767.jpg\"  class=\"grandium-popup-gallery\"> <\/a><\/div><div class=\"gallery-item\"><a href=\"https:\/\/www.aviotel.it\/wp-content\/uploads\/2020\/09\/investimento-02.jpg\" data-background=\"https:\/\/www.aviotel.it\/wp-content\/uploads\/2020\/09\/investimento-02-767x767.jpg\"  class=\"grandium-popup-gallery\"> <\/a><\/div><div class=\"gallery-item\"><a href=\"https:\/\/www.aviotel.it\/wp-content\/uploads\/2020\/07\/app.-24-con-retro-piscina-1024x768-1.jpg\" data-background=\"https:\/\/www.aviotel.it\/wp-content\/uploads\/2020\/07\/app.-24-con-retro-piscina-1024x768-1-767x767.jpg\"  class=\"grandium-popup-gallery\"> <\/a><\/div><div class=\"gallery-item\"><a href=\"https:\/\/www.aviotel.it\/wp-content\/uploads\/2022\/06\/app-aviotel-01.jpg\" data-background=\"https:\/\/www.aviotel.it\/wp-content\/uploads\/2022\/06\/app-aviotel-01-767x767.jpg\"  class=\"grandium-popup-gallery\"> <\/a><\/div><div class=\"gallery-item\"><a href=\"https:\/\/www.aviotel.it\/wp-content\/uploads\/2022\/06\/app-aviotel-02.jpg\" data-background=\"https:\/\/www.aviotel.it\/wp-content\/uploads\/2022\/06\/app-aviotel-02-767x767.jpg\"  class=\"grandium-popup-gallery\"> <\/a><\/div><div class=\"gallery-item\"><a href=\"https:\/\/www.aviotel.it\/wp-content\/uploads\/2022\/06\/app-aviotel-03.jpg\" data-background=\"https:\/\/www.aviotel.it\/wp-content\/uploads\/2022\/06\/app-aviotel-03-767x767.jpg\"  class=\"grandium-popup-gallery\"> <\/a><\/div><div class=\"gallery-item\"><a href=\"https:\/\/www.aviotel.it\/wp-content\/uploads\/2022\/06\/app-aviotel-04.jpg\" data-background=\"https:\/\/www.aviotel.it\/wp-content\/uploads\/2022\/06\/app-aviotel-04-767x767.jpg\"  class=\"grandium-popup-gallery\"> <\/a><\/div><div class=\"gallery-item\"><a href=\"https:\/\/www.aviotel.it\/wp-content\/uploads\/2022\/06\/app-sul-mare-04.jpg\" data-background=\"https:\/\/www.aviotel.it\/wp-content\/uploads\/2022\/06\/app-sul-mare-04-767x767.jpg\"  class=\"grandium-popup-gallery\"> <\/a><\/div><\/div><!-- Gallery Carousel End --><\/div><\/div><\/div><!-- Section Gallery End -->[\/vc_column][\/vc_row]<\/p>\n<\/div>","protected":false},"excerpt":{"rendered":"<p>[vc_row full_width=&#8220;stretch_row_content&#8220;][vc_column][\/vc_column][\/vc_row][vc_row][vc_column][\/vc_column][\/vc_row]<\/p>\n","protected":false},"author":1,"featured_media":1222,"parent":0,"menu_order":0,"comment_status":"closed","ping_status":"closed","template":"fullwidth-page.php","meta":{"footnotes":""},"class_list":["post-719","page","type-page","status-publish","has-post-thumbnail","hentry"],"_links":{"self":[{"href":"https:\/\/www.aviotel.it\/de\/wp-json\/wp\/v2\/pages\/719"}],"collection":[{"href":"https:\/\/www.aviotel.it\/de\/wp-json\/wp\/v2\/pages"}],"about":[{"href":"https:\/\/www.aviotel.it\/de\/wp-json\/wp\/v2\/types\/page"}],"author":[{"embeddable":true,"href":"https:\/\/www.aviotel.it\/de\/wp-json\/wp\/v2\/users\/1"}],"replies":[{"embeddable":true,"href":"https:\/\/www.aviotel.it\/de\/wp-json\/wp\/v2\/comments?post=719"}],"version-history":[{"count":5,"href":"https:\/\/www.aviotel.it\/de\/wp-json\/wp\/v2\/pages\/719\/revisions"}],"predecessor-version":[{"id":1734,"href":"https:\/\/www.aviotel.it\/de\/wp-json\/wp\/v2\/pages\/719\/revisions\/1734"}],"wp:featuredmedia":[{"embeddable":true,"href":"https:\/\/www.aviotel.it\/de\/wp-json\/wp\/v2\/media\/1222"}],"wp:attachment":[{"href":"https:\/\/www.aviotel.it\/de\/wp-json\/wp\/v2\/media?parent=719"}],"curies":[{"name":"wp","href":"https:\/\/api.w.org\/{rel}","templated":true}]}}