{"id":708,"date":"2016-07-18T07:30:08","date_gmt":"2016-07-18T07:30:08","guid":{"rendered":"http:\/\/www.aviotel.it\/?page_id=708"},"modified":"2026-02-12T15:56:44","modified_gmt":"2026-02-12T14:56:44","slug":"frontpage-2","status":"publish","type":"page","link":"https:\/\/www.aviotel.it\/de\/","title":{"rendered":"Home"},"content":{"rendered":"<div class=\"wpb-content-wrapper\"><p>[vc_row full_width=&#8220;stretch_row&#8220;][vc_column]<style>.widget-slider .widget-carousel .slider-item:after { background-color: rgba(0,0,0,0.25) !important; }<\/style><div class=\"section \"  id=\"home-slider\" ><div class=\"widget-slider\"><div class=\"wrapper-full\"><div class=\"widget-carousel owl-carousel owl-theme\" data-autoplay=\"false\" data-loop=\"false\"><div class=\"slider-item\" data-background=\"https:\/\/www.aviotel.it\/wp-content\/uploads\/2020\/08\/foto-piscina-1.jpg\"><div class=\"wrapper\"><div class=\"item-inner\"><h5>Vacanze all'isola d'Elba<\/h5><h1>Aviotel Residence &amp; Appartamenti sul Mare<\/h1><h2>Marina di Campo<\/h2><\/div><\/div><\/div><div class=\"slider-item\" data-background=\"https:\/\/www.aviotel.it\/wp-content\/uploads\/2018\/12\/slide-02.jpg\"><div class=\"wrapper\"><div class=\"item-inner\"><h5>Vacanze all'isola d'Elba<\/h5><h1>Aviotel Residence &amp; Appartamenti sul Mare<\/h1><h2>Marina di Campo<\/h2><\/div><\/div><\/div><div class=\"slider-item\" data-background=\"https:\/\/www.aviotel.it\/wp-content\/uploads\/2018\/12\/slide-01.jpg\"><div class=\"wrapper\"><div class=\"item-inner\"><h5>Vacanze all'isola d'Elba<\/h5><h1>Aviotel Residence &amp; Appartamenti sul Mare<\/h1><h2>Marina di Campo<\/h2><\/div><\/div><\/div><\/div><!-- Slider Carousel End --><!-- Slider Booking --><div class=\"slider-booking\"><div class=\"wrapper\"><h5><\/h5><ul class=\"wrapper-list\"><script charset=\"UTF-8\" defer src=\"https:\/\/cdn.beddy.io\/bol-v2\/prod\/beddy-bar-web-component.js\"><\/script><beddy-bar lang=\"de\" widgetcode=\"486716ee03ad7\"><\/beddy-bar><\/ul><\/div><\/div><!-- Slider Booking End --><\/div><\/div><\/div><!-- Section Slider End -->[\/vc_column][\/vc_row][vc_row][vc_column]<!-- Section Rooms --><div class=\"section \" ><div class=\"widget-rooms-carousel top-over\"><div class=\"wrapper-inner\"><!-- Rooms Title --><div class=\"widget-title\"><h5><\/h5><h2><\/h2><p><\/p><\/div><!-- Rooms Title End --><!-- Rooms Carousel --><div class=\"widget-carousel owl-carousel owl-theme\"><div class=\"rooms-item\"><div class=\"item-inner\"><div class=\"item-photo\"><a href=\"\/de\/wohnungen\/\" data-background=\"https:\/\/www.aviotel.it\/wp-content\/uploads\/2020\/09\/investimento-07-353x353.jpg\"><\/a><\/div><div class=\"item-desc\"><h2><a href=\"\/de\/wohnungen\/\">Appartements in Aviotel<\/a><\/h2><h3> <\/h3><i class=\"fa fa-star-\"><\/i><\/div><\/div><\/div><div class=\"rooms-item\"><div class=\"item-inner\"><div class=\"item-photo\"><a href=\"\/de\/appartements-am-meer\/\" data-background=\"https:\/\/www.aviotel.it\/wp-content\/uploads\/2021\/04\/appartamenti-sul-mare-353x353.jpg\"><\/a><\/div><div class=\"item-desc\"><h2><a href=\"\/de\/appartements-am-meer\/\">Appartements am Meer<\/a><\/h2><h3> <\/h3><i class=\"fa fa-star-\"><\/i><\/div><\/div><\/div><div class=\"rooms-item\"><div class=\"item-inner\"><div class=\"item-photo\"><a href=\"\/de\/dienstleistungen\/\" data-background=\"https:\/\/www.aviotel.it\/wp-content\/uploads\/2019\/01\/nei-dintorni-353x353.jpg\"><\/a><\/div><div class=\"item-desc\"><h2><a href=\"\/de\/dienstleistungen\/\">Dienstleistungen mit Buchung<\/a><\/h2><h3> <\/h3><i class=\"fa fa-star-\"><\/i><\/div><\/div><\/div> <\/div><\/div><\/div><\/div>[\/vc_column][\/vc_row][vc_row css=&#8220;.vc_custom_1618325743958{padding-top: 50px !important;}&#8220;][vc_column][vc_custom_heading text=&#8220;Ferienwohnungen&#8220; font_container=&#8220;tag:h2|text_align:center&#8220; use_theme_fonts=&#8220;yes&#8220; css=&#8220;.vc_custom_1618912782284{padding-bottom: 0px !important;}&#8220;]<!-- Section Services --><div class=\"section  vc_custom_1618912856851\" ><div class=\"wrapper-inner\"><!-- Services List --><div class=\"widget-services-list\"><div class=\"services-item\"><div class=\"item-photo\"><div class=\"photo-big\" data-background=\"https:\/\/www.aviotel.it\/wp-content\/uploads\/2020\/09\/DSC_0607-min.jpg\"><\/div><\/div><div class=\"item-desc\"><h2>Aviotel Residence<\/h2><p><p>Der Komplex besitzt Swimming-Pool auf drei Ebenen, breite Gr\u00fcnzonen, Grill, Tennisplatz und privaten Parkplatz. Die Einrichtung befindet sich neben dem kleinen Flughafen der Insel, in der Mitte einer Ebene, die den n\u00f6rdlichen mit dem s\u00fcdlichen Hang der Insel in ihrem engsten Punkt verbindet: In wenigen Minuten mit dem Auto erreicht man die sch\u00f6nsten Str\u00e4nde der Insel; nach S\u00fcden die Buchten von Marina di Campo, Cavoli und Fetovaia, nach Norden die Buchten von Marciana, Procchio, La Biodola. All diese Str\u00e4nde geh\u00f6ren zu den ber\u00fchmtesten der Insel, sind gepflegt und gereinigt, zum Teil frei und zum Teil mit Badeanlagen, mit Sand oder Felsen und super interessanten Meeresb\u00f6den. F\u00fcr die G\u00e4ste von Aviotel gibt es eine Konvention mit dem nahen liegenden Tropical mit Rabatten und Beg\u00fcnstigungen.<\/p><\/p><\/div><\/div><div class=\"services-item\"><div class=\"item-photo\"><div class=\"photo-big\" data-background=\"https:\/\/www.aviotel.it\/wp-content\/uploads\/2021\/04\/mod-dunelba-183.jpg\"><\/div><\/div><div class=\"item-desc\"><h2>Appartements mit Meeresblick<\/h2><p><p>Unsere Appartements mit Blick auf das Meer geh\u00f6ren zum Wohnkomplex Dunelba; er besitzt einen gro\u00dfen, umz\u00e4unten gemeinsamen Garten, wo Kinder in vollkommener Sicherheit spielen k\u00f6nnen, und einen privaten, \u00fcberdachten aber unbewachten Parkplatz.<\/p>\n\n<p>Die Lage des Geb\u00e4udes ist einmalig, genau vor dem charakteristischen Strand von Marina di Campo gelegen, der zum Teil frei zug\u00e4nglich, und der weitere Strand ausger\u00fcstet mit Badeanstalten ist. Es ist der gr\u00f6\u00dfte Strand mit Badeanlagen der Insel und besteht aus feinem Sand und somit auch f\u00fcr die Kleinsten geeignet. Man erreicht das Meer bequem zu Fu\u00df entlang eines Pfades von 80 Metern, der schattig unter den  typischen maritimen Pinien an der Ostseite des gro\u00dfen Golfes verl\u00e4uft.<\/p><\/p><\/div><\/div> <\/div>\n            <!-- Services List End -->\n        <\/div>\n    <\/div>\n    <!-- Section Services End -->[\/vc_column][\/vc_row][vc_row disable_element=&#8220;yes&#8220;][vc_column]<div class=\"section  vc_custom_1601019006836\" id=\"features-section\" ><div class=\"widget-about-promo\" data-background=\"https:\/\/www.aviotel.it\/wp-content\/uploads\/2020\/09\/DSC_0607-min.jpg\"><div class=\"wrapper-inner\"><div class=\"widget-inner\"><div class=\"row\"><div class=\"col-md-6\"><h5>Appartamenti per vacanze<\/h5><h2>AVIOTEL: Residence e Hotel<\/h2><div class=\"text-content\"><strong>AVIOTEL<\/strong> \u00e8 costituito da appartamenti, tutti a pian terreno, monolocali da 2\/3 persone, bilocali da 2\/6 persone, ben arredati, con angolo cottura completamente attrezzato, bagno con doccia, telefono, TV satellite, condizionatore-riscaldamento, giardino privato dotato di sdraio, ombrellone, tavolo e sedie.\nIl complesso \u00e8 situato a fianco del piccolo aeroporto dell&#8217;Isola, nel centro di una piana che collega il versante Nord e Sud dell&#8217;Isola nel suo punto pi\u00f9 stretto: a pochi minuti di auto sono raggiungibili le pi\u00f9 belle spiagge dell&#8217;Isola; a Sud i golfi di Marina di Campo, Cavoli e Fetovaia, a Nord i golfi di Marciana, Procchio, La Biodola. Tutte spiagge delle pi\u00f9 famose dell&#8217;Isola, curate e pulite, in parte libere ed in parte con stabilimenti balneari, di sabbia ma anche di scoglio con fondali interessantissimi. Per gli ospiti dell&#8216; Aviotel esiste una convenzione con i vicini bagni Tropical con sconti e agevolazioni.\n<\/div><a href=\"https:\/\/www.aviotel.it\/appartamenti\/\"  class=\"btn\">Vedi<\/a><\/div><\/div><\/div><\/div><\/div><\/div>[\/vc_column][\/vc_row][vc_row][vc_column]<!-- Section Services --><div class=\"section \" ><div class=\"wrapper-inner\"><!-- Services List --><div class=\"widget-services-list\"><div class=\"services-item\"><div class=\"item-photo\"><div class=\"photo-big\" data-background=\"https:\/\/www.aviotel.it\/wp-content\/uploads\/2020\/07\/aree-verdi-scaled.jpg\"><\/div><\/div><div class=\"item-desc\"><p><p>Die zentrale Lage tr\u00e4gt dazu bei, dass man neben den malerischen Pfaden und Wanderwegen auch die mond\u00e4nen und bekanntesten Ortschaften der Insel Elba erreichen kann: Diskos, Bars, Lokale mit Live-Musik, Restaurants, Pubs, Spielhallen, Eisdielen und sehr besuchte typische Treffpunkte, alle in den Umgebungen.<\/p>\n\n<p>Dank den Wohnungen mit Heizung und der Lage beim Flughafen ist die Residence ein bequemer und ausgestatteter Punkt f\u00fcr eventuelle Entspannungs- oder Arbeitsaufenthalte auch in den traditionell weniger besuchten Monaten.<\/p><\/p><\/div><\/div> <\/div>\n            <!-- Services List End -->\n        <\/div>\n    <\/div>\n    <!-- Section Services End -->[\/vc_column][\/vc_row]<\/p>\n<\/div>","protected":false},"excerpt":{"rendered":"<p>[vc_row full_width=&#8220;stretch_row&#8220;][vc_column][\/vc_column][\/vc_row][vc_row][vc_column][\/vc_column][\/vc_row][vc_row css=&#8220;.vc_custom_1618325743958{padding-top: 50px !important;}&#8220;][vc_column][vc_custom_heading text=&#8220;Ferienwohnungen&#8220; font_container=&#8220;tag:h2|text_align:center&#8220; use_theme_fonts=&#8220;yes&#8220; css=&#8220;.vc_custom_1618912782284{padding-bottom: 0px !important;}&#8220;][\/vc_column][\/vc_row][vc_row disable_element=&#8220;yes&#8220;][vc_column][\/vc_column][\/vc_row][vc_row][vc_column][\/vc_column][\/vc_row]<\/p>\n","protected":false},"author":1,"featured_media":0,"parent":0,"menu_order":0,"comment_status":"closed","ping_status":"closed","template":"frontpage.php","meta":{"footnotes":""},"class_list":["post-708","page","type-page","status-publish","hentry"],"_links":{"self":[{"href":"https:\/\/www.aviotel.it\/de\/wp-json\/wp\/v2\/pages\/708"}],"collection":[{"href":"https:\/\/www.aviotel.it\/de\/wp-json\/wp\/v2\/pages"}],"about":[{"href":"https:\/\/www.aviotel.it\/de\/wp-json\/wp\/v2\/types\/page"}],"author":[{"embeddable":true,"href":"https:\/\/www.aviotel.it\/de\/wp-json\/wp\/v2\/users\/1"}],"replies":[{"embeddable":true,"href":"https:\/\/www.aviotel.it\/de\/wp-json\/wp\/v2\/comments?post=708"}],"version-history":[{"count":11,"href":"https:\/\/www.aviotel.it\/de\/wp-json\/wp\/v2\/pages\/708\/revisions"}],"predecessor-version":[{"id":1770,"href":"https:\/\/www.aviotel.it\/de\/wp-json\/wp\/v2\/pages\/708\/revisions\/1770"}],"wp:attachment":[{"href":"https:\/\/www.aviotel.it\/de\/wp-json\/wp\/v2\/media?parent=708"}],"curies":[{"name":"wp","href":"https:\/\/api.w.org\/{rel}","templated":true}]}}