{"id":1724,"date":"2019-06-03T11:47:05","date_gmt":"2019-06-03T09:47:05","guid":{"rendered":"https:\/\/www.aviotel.it\/information-for-the-stay\/"},"modified":"2022-06-08T10:29:11","modified_gmt":"2022-06-08T08:29:11","slug":"informationen-fuer-den-aufenthalt","status":"publish","type":"page","link":"https:\/\/www.aviotel.it\/de\/informationen-fuer-den-aufenthalt\/","title":{"rendered":"Informationen f\u00fcr den Aufenthalt"},"content":{"rendered":"<div class=\"wpb-content-wrapper\"><p>[vc_row full_width=&#8220;stretch_row_content&#8220;][vc_column]<div class=\"section \" id=\"about-section\" ><div class=\"widget-about-promo\" data-background=\"https:\/\/www.aviotel.it\/wp-content\/uploads\/2020\/08\/formula-appartamento.jpg\"><div class=\"wrapper-inner\"><div class=\"widget-inner\"><div class=\"row\"><div class=\"col-md-6\"><h5>Formel WOHNUNG<\/h5><div class=\"text-content\">Die Miete umfasst auch die Anwendung der Wohnung mit Standard-Ausr\u00fcstung sowie die Reinigung und den w\u00f6chentlichen Ersatz der W\u00e4sche (kann an unserer Rezeption gemietet werden). Klimaanlage \u00fcber 4 Stunden pro Tag wird st\u00fcndlich abgerechnet.\nDie Uhrzeit f\u00fcrs Einchecken in den Wohnungen ist von 16.00 Uhr, wobei das Auschecken muss bis 09.00 Uhr erfolgen.\nAm Anfang wird eine Kaution verlangt, die am Ende des Aufenthalts dem Gast wiedergegeben wird, nachdem die Unversehrtheit der Wohnung und die Reinigungsbedingungen gepr\u00fcft werden, die dem Zustand entsprechen sollen, der bei der Abgabe zu finden war.<\/div><\/div><\/div><\/div><\/div><\/div><\/div>[\/vc_column][\/vc_row][vc_row full_width=&#8220;stretch_row_content&#8220;][vc_column]<div class=\"section \" id=\"about-section\" ><div class=\"widget-about-promo\" data-background=\"https:\/\/www.aviotel.it\/wp-content\/uploads\/2020\/08\/formula-residence.jpg\"><div class=\"wrapper-inner\"><div class=\"widget-inner\"><div class=\"row\"><div class=\"col-md-6\"><h5>Formel RESIDENCE<\/h5><div class=\"text-content\">Die Miete umfasst auch die Anwendung der Wohnung mit Standard-Ausr\u00fcstung sowie die Reinigung und den w\u00f6chentlichen Ersatz der W\u00e4sche (Bade- und Bettw\u00e4sche). <span class=\"VIiyi\" lang=\"de\"><span class=\"JLqJ4b ChMk0b\" data-language-for-alternatives=\"de\" data-language-to-translate-into=\"en\" data-phrase-index=\"0\" data-number-of-phrases=\"1\"><span class=\"Q4iAWc\">Klimaanlage \u00fcber 4 Stunden pro Tag wird st\u00fcndlich abgerechnet.<\/span><\/span><\/span>\nDie Uhrzeit f\u00fcrs Einchecken in den Wohnungen ist von 14.00 Uhr, wobei das Auschecken muss bis 10.00 Uhr erfolgen.\nAm Anfang wird eine Kaution verlangt, die am Ende des Aufenthalts dem Gast wiedergegeben wird, nachdem die Unversehrtheit der Wohnung und die Reinigungsbedingungen gepr\u00fcft werden, die dem Zustand entsprechen sollen, der bei der Abgabe zu finden war.<\/div><\/div><\/div><\/div><\/div><\/div><\/div>[\/vc_column][\/vc_row][vc_row full_width=&#8220;stretch_row_content&#8220; disable_element=&#8220;yes&#8220;][vc_column]<div class=\"section \" id=\"about-section\" ><div class=\"widget-about-promo\" data-background=\"https:\/\/www.aviotel.it\/wp-content\/uploads\/2020\/09\/formula-investimento-1.jpg\"><div class=\"wrapper-inner\"><div class=\"widget-inner\"><div class=\"row\"><div class=\"col-md-6\"><h5>Formula HOTEL<\/h5><div class=\"text-content\">L&#8217;affitto comprende, in aggiunta all&#8217;uso dell&#8217;appartamento con dotazioni standard, le pulizie e il cambio biancheria giornaliero (camera e bagno) e il set di cortesia. L&#8217;aria condizionata e\/o il riscaldamento sono compresi nel prezzo. L&#8217;orario di consegna degli appartamenti \u00e8 dalle ore 14.00 mentre la riconsegna \u00e8 da effettuarsi entro le ore 11.00.\nAll&#8217;atto dell&#8217;ingresso non \u00e8 richiesto il versamento del deposito cauzionale e non viene addebitata la pulizia finale dell&#8217;appartamento.\n&nbsp;\n&nbsp;\n&nbsp;\n<\/div><\/div><\/div><\/div><\/div><\/div><\/div>[\/vc_column][\/vc_row][vc_row][vc_column][vc_column_text el_class=&#8220;wrapper-inner&#8220;]Aviotel schl\u00e4gt verschiedene Wohnungsarten:<\/p>\n<ul>\n<li>Superior Ein-Zimmer-Wohnung <span class=\"VIiyi\" lang=\"de\"><span class=\"JLqJ4b ChMk0b\" data-language-for-alternatives=\"de\" data-language-to-translate-into=\"en\" data-phrase-index=\"0\" data-number-of-phrases=\"1\"><span class=\"Q4iAWc\">k\u00fcrzlich renoviert<\/span><\/span><\/span> (max. 3 Bette);<\/li>\n<li>Superior Ein-Zimmer-Wohnung XL mit separatem Schlafzimmer ohne Fenster (max. 4 Bette);<\/li>\n<li>Extra-Zwei-Zimmer-Wohnung (max. 4 Bette);<\/li>\n<li>Large Zwei-Zimmer-Wohnung (max. 4 Bette + 2 eventuellen Zusatzbetten).<\/li>\n<\/ul>\n<p>Zus\u00e4tzlich zu den oben beschriebenen Artikeln, basierend auf der Art der gew\u00e4hlten Formel, sind zus\u00e4tzliche Reinigungen und W\u00e4schewechsel w\u00e4hrend des Aufenthalts und \/ oder andere Extras vom Preis ausgeschlossen.<\/p>\n<p>Die Endreinigung in der Apartmentformel ist optional: Wenn das Apartment sauber hinterlassen wird, wird tats\u00e4chlich nichts berechnet.<\/p>\n<p>Die folgenden Vorteile stehen Familien mit Babys und Kleinkindern zur Verf\u00fcgung: Betten mit Seiten, Scaldabiberon, Hochst\u00fchle, Tischsitze.<\/p>\n<p>[\/vc_column_text][\/vc_column][\/vc_row]<\/p>\n<\/div>","protected":false},"excerpt":{"rendered":"<p>[vc_row full_width=&#8220;stretch_row_content&#8220;][vc_column][\/vc_column][\/vc_row][vc_row full_width=&#8220;stretch_row_content&#8220;][vc_column][\/vc_column][\/vc_row][vc_row full_width=&#8220;stretch_row_content&#8220; disable_element=&#8220;yes&#8220;][vc_column][\/vc_column][\/vc_row][vc_row][vc_column][vc_column_text el_class=&#8220;wrapper-inner&#8220;]Aviotel schl\u00e4gt verschiedene Wohnungsarten: Superior Ein-Zimmer-Wohnung k\u00fcrzlich renoviert (max. 3 Bette); Superior Ein-Zimmer-Wohnung XL mit separatem Schlafzimmer ohne Fenster (max. 4 Bette);&#8230;<\/p>\n","protected":false},"author":1,"featured_media":739,"parent":0,"menu_order":0,"comment_status":"closed","ping_status":"closed","template":"fullwidth-page.php","meta":{"footnotes":""},"class_list":["post-1724","page","type-page","status-publish","has-post-thumbnail","hentry"],"_links":{"self":[{"href":"https:\/\/www.aviotel.it\/de\/wp-json\/wp\/v2\/pages\/1724"}],"collection":[{"href":"https:\/\/www.aviotel.it\/de\/wp-json\/wp\/v2\/pages"}],"about":[{"href":"https:\/\/www.aviotel.it\/de\/wp-json\/wp\/v2\/types\/page"}],"author":[{"embeddable":true,"href":"https:\/\/www.aviotel.it\/de\/wp-json\/wp\/v2\/users\/1"}],"replies":[{"embeddable":true,"href":"https:\/\/www.aviotel.it\/de\/wp-json\/wp\/v2\/comments?post=1724"}],"version-history":[{"count":5,"href":"https:\/\/www.aviotel.it\/de\/wp-json\/wp\/v2\/pages\/1724\/revisions"}],"predecessor-version":[{"id":1729,"href":"https:\/\/www.aviotel.it\/de\/wp-json\/wp\/v2\/pages\/1724\/revisions\/1729"}],"wp:featuredmedia":[{"embeddable":true,"href":"https:\/\/www.aviotel.it\/de\/wp-json\/wp\/v2\/media\/739"}],"wp:attachment":[{"href":"https:\/\/www.aviotel.it\/de\/wp-json\/wp\/v2\/media?parent=1724"}],"curies":[{"name":"wp","href":"https:\/\/api.w.org\/{rel}","templated":true}]}}